{"id":2,"date":"2024-10-13T13:34:42","date_gmt":"2024-10-13T13:34:42","guid":{"rendered":"https:\/\/impactmediadigital.com\/?page_id=2"},"modified":"2025-01-25T16:59:25","modified_gmt":"2025-01-25T16:59:25","slug":"avaleht","status":"publish","type":"page","link":"https:\/\/impactmediadigital.com\/en","title":{"rendered":"Impact Media Digital: Turundus ja veebilahendused."},"content":{"rendered":"<p>Impact Media Digital: turundus ja veebilahendused sinu ettev\u00f5tte k\u00e4ivitamiseks.<\/p>\n\n\n\n<p><strong>Impact Media Digital: Teie usaldusv\u00e4\u00e4rne partner uuenduslike turundusstrateegiate ja terviklike veebilahenduste osas, mis on loodud teie ettev\u00f5tte t\u00f5husaks k\u00e4ivitamiseks ja arendamiseks.<\/strong><\/p>\n\n\n\n<p>T\u00e4nap\u00e4eva digitaalses maailmas on tugev veebip\u00f5hine kohalolek \u00fclioluline igale ettev\u00f5ttele, kes soovib edu saavutada. Meie erialaks on pakkuda kohandatud digiturundusteenuseid, mis vastavad teie ettev\u00f5tte ainulaadsetele vajadustele, tagades, et paistate konkurentsitihedal turul silma.<\/p>\n\n\n\n<p><strong>Impact Media Digitalis<\/strong> m\u00f5istame, et iga ettev\u00f5te on erinev, mist\u00f5ttu v\u00f5tame aega, et \u00f5ppida tundma teie eesm\u00e4rke, sihtr\u00fchma ja t\u00f6\u00f6stusharu v\u00e4ljakutseid. Meie ekspertidest koosnev meeskond on varustatud uusimate t\u00f6\u00f6riistade ja teadmistega, et luua t\u00f5husaid turunduskampaaniaid, mis suurendavad kaasatust ja konversioone. Pakume laia valikut teenuseid, sealhulgas otsingumootorite optimeerimine (SEO), sotsiaalmeedia turundus, sisuloome ja tasulised reklaamid (PPC).<\/p>\n\n\n\n<p>N\u00e4iteks meie SEO-teenused on loodud parandama teie veebisaidi n\u00e4htavust otsingumootorites, aidates teil meelitada rohkem orgaanilist liiklust. Kasutame t\u00f5estatud tehnikaid nagu m\u00e4rks\u00f5naanal\u00fc\u00fcs, lehek\u00fclje optimeerimine ja tagasilinkide loomine, et tagada teie saidi k\u00f5rge positsioon asjakohastes otsingutes. Optimeerides teie veebisaiti, aitame teil j\u00f5uda potentsiaalsete klientideni, kes aktiivselt otsivad teie tooteid v\u00f5i teenuseid.<\/p>\n\n\n\n<p>Lisaks keskenduvad meie sotsiaalmeedia turundusstrateegiad tugeva veebikogukonna loomisele teie br\u00e4ndi \u00fcmber. Loome kaasahaaravat sisu, mis k\u00f5netab teie publikut, soodustades suhteid, mis toovad kaasa suurema lojaalsuse ja m\u00fc\u00fcgi. Meie meeskond haldab teie sotsiaalmeediakontosid, tagades \u00f5igeaegsed suhtlused ja j\u00e4rjepideva s\u00f5numiedastuse, mis on koosk\u00f5las teie br\u00e4ndi h\u00e4\u00e4lega.<\/p>\n\n\n\n<p>Sisuloome on meie teenuste oluline osa. Usume, et kvaliteetne sisu on iga eduka digiturundusstrateegia selgroog. Meie kirjutajad on osavad looma kaasahaaravaid artikleid, blogipostitusi ja veebitekste, mis mitte ainult ei teavita, vaid ka k\u00f5netavad teie publikut. Pakkudes v\u00e4\u00e4rtuslikku sisu, aitame positsioneerida teie ettev\u00f5tet kui oma valdkonna autoriteeti.<\/p>\n\n\n\n<p>Lisaks pakume \u00fcksikasjalikku anal\u00fc\u00fctikat ja aruandlust, mis v\u00f5imaldab teil oma kampaaniate edu reaalajas j\u00e4lgida. Teie investeeringu tasuvuse m\u00f5istmine on oluline ja meie anname teile \u00fclevaated, mida vajate oma turundusotsuste tegemiseks.<\/p>\n\n\n\n<p>Kokkuv\u00f5tteks on Impact Media Digital p\u00fchendunud pakkuma teile t\u00f6\u00f6riistu ja strateegiaid, mis on vajalikud edukaks ettev\u00f5tte arendamiseks. Meie teadmised digiturunduse ja veebilahenduste vallas aitavad teil saavutada oma eesm\u00e4rke ja kasvatada oma br\u00e4ndi digitaalses maailmas. Lubage meil olla teie partner sellel eduteekonnal.<\/p>","protected":false},"excerpt":{"rendered":"<p>Impact Media Digital: turundus ja veebilahendused sinu ettev\u00f5tte k\u00e4ivitamiseks. Impact Media Digital: Teie usaldusv\u00e4\u00e4rne partner uuenduslike turundusstrateegiate ja terviklike veebilahenduste osas, mis on loodud teie ettev\u00f5tte t\u00f5husaks k\u00e4ivitamiseks ja arendamiseks. T\u00e4nap\u00e4eva digitaalses maailmas on tugev veebip\u00f5hine kohalolek \u00fclioluline igale ettev\u00f5ttele, kes soovib edu saavutada. Meie erialaks on pakkuda kohandatud digiturundusteenuseid, mis vastavad teie ettev\u00f5tte ainulaadsetele [&hellip;]<\/p>\n","protected":false},"author":1,"featured_media":0,"parent":0,"menu_order":0,"comment_status":"closed","ping_status":"closed","template":"page-home.php","meta":{"_uf_show_specific_survey":0,"_uf_disable_surveys":false,"footnotes":""},"class_list":["post-2","page","type-page","status-publish","hentry"],"_links":{"self":[{"href":"https:\/\/impactmediadigital.com\/en\/wp-json\/wp\/v2\/pages\/2","targetHints":{"allow":["GET"]}}],"collection":[{"href":"https:\/\/impactmediadigital.com\/en\/wp-json\/wp\/v2\/pages"}],"about":[{"href":"https:\/\/impactmediadigital.com\/en\/wp-json\/wp\/v2\/types\/page"}],"author":[{"embeddable":true,"href":"https:\/\/impactmediadigital.com\/en\/wp-json\/wp\/v2\/users\/1"}],"replies":[{"embeddable":true,"href":"https:\/\/impactmediadigital.com\/en\/wp-json\/wp\/v2\/comments?post=2"}],"version-history":[{"count":0,"href":"https:\/\/impactmediadigital.com\/en\/wp-json\/wp\/v2\/pages\/2\/revisions"}],"wp:attachment":[{"href":"https:\/\/impactmediadigital.com\/en\/wp-json\/wp\/v2\/media?parent=2"}],"curies":[{"name":"wp","href":"https:\/\/api.w.org\/{rel}","templated":true}]}}